{"id":240265,"date":"2023-05-15T16:31:17","date_gmt":"2023-05-15T14:31:17","guid":{"rendered":"https:\/\/tape.pwle.de\/produkt\/snapbox-norelco-box-butterfly-schwarz\/"},"modified":"2024-11-08T12:26:28","modified_gmt":"2024-11-08T11:26:28","slug":"snapbox-norelco-box-butterfly-schwarz","status":"publish","type":"product","link":"http:\/\/tape.pwle.de\/en\/produkt\/snapbox-norelco-box-butterfly-schwarz\/","title":{"rendered":"Snapbox\/ Norelco-Box Butterfly Schwarz"},"content":{"rendered":"<div>Snapboxen\/ Norelco-Boxen aus Hartkunststoff sind die idele Verpackung f\u00fcr deine Kassetten und in zweiFarben erh\u00e4ltlich. Die Pins sorgen f\u00fcr einen festen Halt der Kassette in der Box und sichern das Tonband gegen Verrutschen.<br \/>\nDiese Boxen sind f\u00fcr 2 Kassetten und \u00f6ffnen sich wie ein Schmetterling.<\/div>\n<div>F\u00fcr die Snapboxen k\u00f6nnen bedruckte Cover\/ J-Cards mit bis zu zwei Laschen bestellt werden. Diese findest du in der Kategorie <a href=\"https:\/\/tapemuzik.de\/produkt-kategorie\/papierprodukte\/\">Papierprodukte<\/a>.<\/div>\n<div>Ma\u00dfe: 109mm x 70mm x 35mm<\/div>\n<div>Nur so lange der Vorrat reicht.<\/div>\n","protected":false},"excerpt":{"rendered":"<p>Snapboxen\/ Norelco-Boxen aus Hartkunststoff sind die idele Verpackung f\u00fcr deine Kassetten und in zweiFarben erh\u00e4ltlich. Die Pins sorgen f\u00fcr einen festen Halt der Kassette in der Box und sichern das Tonband gegen Verrutschen. Diese Boxen sind f\u00fcr 2 Kassetten und \u00f6ffnen sich wie ein Schmetterling. F\u00fcr die Snapboxen k\u00f6nnen bedruckte Cover\/ J-Cards mit bis zu [&hellip;]<\/p>\n","protected":false},"featured_media":346,"template":"","meta":{"_et_pb_use_builder":"","_et_pb_old_content":"","_et_gb_content_width":""},"product_cat":[],"product_tag":[],"class_list":{"0":"post-240265","1":"product","2":"type-product","3":"status-publish","4":"has-post-thumbnail","7":"first","8":"instock","9":"shipping-taxable","10":"purchasable","11":"product-type-simple"},"composite_virtual":false,"composite_layout":"","composite_add_to_cart_form_location":"","composite_editable_in_cart":false,"composite_sold_individually_context":"","composite_shop_price_calc":"","composite_components":[],"composite_scenarios":[],"_links":{"self":[{"href":"http:\/\/tape.pwle.de\/en\/wp-json\/wp\/v2\/product\/240265","targetHints":{"allow":["GET"]}}],"collection":[{"href":"http:\/\/tape.pwle.de\/en\/wp-json\/wp\/v2\/product"}],"about":[{"href":"http:\/\/tape.pwle.de\/en\/wp-json\/wp\/v2\/types\/product"}],"wp:featuredmedia":[{"embeddable":true,"href":"http:\/\/tape.pwle.de\/en\/wp-json\/wp\/v2\/media\/346"}],"wp:attachment":[{"href":"http:\/\/tape.pwle.de\/en\/wp-json\/wp\/v2\/media?parent=240265"}],"wp:term":[{"taxonomy":"product_cat","embeddable":true,"href":"http:\/\/tape.pwle.de\/en\/wp-json\/wp\/v2\/product_cat?post=240265"},{"taxonomy":"product_tag","embeddable":true,"href":"http:\/\/tape.pwle.de\/en\/wp-json\/wp\/v2\/product_tag?post=240265"}],"curies":[{"name":"wp","href":"https:\/\/api.w.org\/{rel}","templated":true}]}}