{"id":240205,"date":"2020-06-17T11:50:45","date_gmt":"2020-06-17T09:50:45","guid":{"rendered":"https:\/\/tape.pwle.de\/produkt\/kassette-mit-endlosband-10-sek-rauchklar\/"},"modified":"2024-11-08T12:22:35","modified_gmt":"2024-11-08T11:22:35","slug":"kassette-mit-endlosband-10-sek-rauchklar","status":"publish","type":"product","link":"http:\/\/tape.pwle.de\/en\/produkt\/kassette-mit-endlosband-10-sek-rauchklar\/","title":{"rendered":"Kassette mit Endlosband 10 sek. rauchklar"},"content":{"rendered":"<p>10 Sekunden Endlosbandkassette inklusive transparenter Snapbox ohne Pin.<br \/>\nAufnahme und Wiedergabe nur auf einer Seite m\u00f6glich (Hinweis auf dem Geh\u00e4use).<\/p>\n<p>Konzipiert f\u00fcr Non-Stop-Aufnahme und Wiedergabe von Audiomaterial mit genau 10 Sekunden L\u00e4nge.<br \/>\nDie Bandlaufgeschwindigkeit kann leicht variieren. Um den genauen Punkt der Schleife zu finden, ist daher eventuell etwas \u00dcbung notwendig.<\/p>\n<p>Hinweis: Wenige High-End Tapedecks (z.B. Revox) k\u00f6nnen diese Kassetten nicht abspielen und bespielen.<\/p>\n<p>Ma\u00dfe Kassette: 10,2 cm x 6,4 cm x 1,2 cm<\/p>\n<p>Ma\u00dfe Box: 10,9 x 6,9 x 1,7<\/p>\n<p>Lieferzeit: 2 Wochen<\/p>\n","protected":false},"excerpt":{"rendered":"<p>10 Sekunden Endlosbandkassette inklusive transparenter Snapbox ohne Pin. Aufnahme und Wiedergabe nur auf einer Seite m\u00f6glich (Hinweis auf dem Geh\u00e4use). Konzipiert f\u00fcr Non-Stop-Aufnahme und Wiedergabe von Audiomaterial mit genau 10 Sekunden L\u00e4nge. Die Bandlaufgeschwindigkeit kann leicht variieren. Um den genauen Punkt der Schleife zu finden, ist daher eventuell etwas \u00dcbung notwendig. Hinweis: Wenige High-End Tapedecks [&hellip;]<\/p>\n","protected":false},"featured_media":213,"template":"","meta":{"_et_pb_use_builder":"","_et_pb_old_content":"","_et_gb_content_width":""},"product_cat":[24],"product_tag":[],"class_list":{"0":"post-240205","1":"product","2":"type-product","3":"status-publish","4":"has-post-thumbnail","6":"product_cat-kassetten","8":"first","9":"instock","10":"shipping-taxable","11":"purchasable","12":"product-type-simple"},"composite_virtual":false,"composite_layout":"","composite_add_to_cart_form_location":"","composite_editable_in_cart":false,"composite_sold_individually_context":"","composite_shop_price_calc":"","composite_components":[],"composite_scenarios":[],"_links":{"self":[{"href":"http:\/\/tape.pwle.de\/en\/wp-json\/wp\/v2\/product\/240205","targetHints":{"allow":["GET"]}}],"collection":[{"href":"http:\/\/tape.pwle.de\/en\/wp-json\/wp\/v2\/product"}],"about":[{"href":"http:\/\/tape.pwle.de\/en\/wp-json\/wp\/v2\/types\/product"}],"wp:featuredmedia":[{"embeddable":true,"href":"http:\/\/tape.pwle.de\/en\/wp-json\/wp\/v2\/media\/213"}],"wp:attachment":[{"href":"http:\/\/tape.pwle.de\/en\/wp-json\/wp\/v2\/media?parent=240205"}],"wp:term":[{"taxonomy":"product_cat","embeddable":true,"href":"http:\/\/tape.pwle.de\/en\/wp-json\/wp\/v2\/product_cat?post=240205"},{"taxonomy":"product_tag","embeddable":true,"href":"http:\/\/tape.pwle.de\/en\/wp-json\/wp\/v2\/product_tag?post=240205"}],"curies":[{"name":"wp","href":"https:\/\/api.w.org\/{rel}","templated":true}]}}