{"id":240085,"date":"2017-07-03T14:42:46","date_gmt":"2017-07-03T12:42:46","guid":{"rendered":"https:\/\/tape.pwle.de\/produkt\/leerkassetten-individuell-bedruckt\/"},"modified":"2024-11-08T12:16:32","modified_gmt":"2024-11-08T11:16:32","slug":"leerkassetten-individuell-bedruckt","status":"publish","type":"product","link":"http:\/\/tape.pwle.de\/en\/produkt\/leerkassetten-individuell-bedruckt\/","title":{"rendered":"Leerkassetten individuell bedruckt"},"content":{"rendered":"<div>Individuell zusammenstellbare Kassetten.<\/div>\n<div>W\u00e4hle aus einer Vielzahl von Farben dein Geh\u00e4use und die gew\u00fcnschte Druckfarbe. Jede Seite kann mit einem individuellen Motiv einfarbig bedruckt werden. Bitte beachte beim Anlegen des Layouts unsere <a href=\"https:\/\/tapemuzik.de\/wp-content\/uploads\/2023\/03\/SpezifikationDruckKassette_SpecificationPrintCassette.pdf\">Spezifikationen f\u00fcr den 1-farbigen Kassettenaufdruck<\/a>\u00a0und den <a href=\"https:\/\/tapemuzik.de\/wp-content\/uploads\/2023\/03\/SpezifikationUV-DruckKassette_SpecificationUV-printCassette.pdf\">4-farbigen Kassettenaufdruck<\/a>\u00a0Optional bieten wir auch eine Druckdaten\u00fcberpr\u00fcfung an.<\/div>\n<p>&nbsp;<\/p>\n<div>Neben dem einfarbigen Tampondruck bieten wir auch einen vollfl\u00e4chigen, 4-farbigen UV-Druck an.<\/div>\n<p>&nbsp;<\/p>\n<div>Die Tonbandl\u00e4nge des Tonbands kann minutengenau konfiguriert werden, damit es f\u00fcr deine Audio-Dateien genau die richtige L\u00e4nge hat.<\/div>\n<p>&nbsp;<\/p>\n<div>Snapboxen und\/oder Cover oder andere Produkte sind nicht unklusive und m\u00fcssen separat dazu bestellt werden.<\/div>\n<p>&nbsp;<\/p>\n<div>Ma\u00dfe: 10,2 cm x 6,4 cm x 1,2 cm<\/div>\n<div>Mindestbestellmenge: 50 St\u00fcck<\/div>\n<div>Lieferzeit ab 1.000 + 1 Woche<\/div>\n","protected":false},"excerpt":{"rendered":"<p>Individuell zusammenstellbare Kassetten. W\u00e4hle aus einer Vielzahl von Farben dein Geh\u00e4use und die gew\u00fcnschte Druckfarbe. Jede Seite kann mit einem individuellen Motiv einfarbig bedruckt werden. Bitte beachte beim Anlegen des Layouts unsere Spezifikationen f\u00fcr den 1-farbigen Kassettenaufdruck\u00a0und den 4-farbigen Kassettenaufdruck\u00a0Optional bieten wir auch eine Druckdaten\u00fcberpr\u00fcfung an. &nbsp; Neben dem einfarbigen Tampondruck bieten wir auch einen [&hellip;]<\/p>\n","protected":false},"featured_media":3076,"template":"","meta":{"_et_pb_use_builder":"","_et_pb_old_content":"","_et_gb_content_width":""},"product_cat":[24],"product_tag":[],"class_list":{"0":"post-240085","1":"product","2":"type-product","3":"status-publish","4":"has-post-thumbnail","6":"product_cat-kassetten","8":"first","9":"instock","10":"shipping-taxable","11":"product-type-simple"},"composite_virtual":false,"composite_layout":"","composite_add_to_cart_form_location":"","composite_editable_in_cart":false,"composite_sold_individually_context":"","composite_shop_price_calc":"","composite_components":[],"composite_scenarios":[],"_links":{"self":[{"href":"http:\/\/tape.pwle.de\/en\/wp-json\/wp\/v2\/product\/240085","targetHints":{"allow":["GET"]}}],"collection":[{"href":"http:\/\/tape.pwle.de\/en\/wp-json\/wp\/v2\/product"}],"about":[{"href":"http:\/\/tape.pwle.de\/en\/wp-json\/wp\/v2\/types\/product"}],"wp:featuredmedia":[{"embeddable":true,"href":"http:\/\/tape.pwle.de\/en\/wp-json\/wp\/v2\/media\/3076"}],"wp:attachment":[{"href":"http:\/\/tape.pwle.de\/en\/wp-json\/wp\/v2\/media?parent=240085"}],"wp:term":[{"taxonomy":"product_cat","embeddable":true,"href":"http:\/\/tape.pwle.de\/en\/wp-json\/wp\/v2\/product_cat?post=240085"},{"taxonomy":"product_tag","embeddable":true,"href":"http:\/\/tape.pwle.de\/en\/wp-json\/wp\/v2\/product_tag?post=240085"}],"curies":[{"name":"wp","href":"https:\/\/api.w.org\/{rel}","templated":true}]}}