{"id":240066,"date":"2017-07-03T13:35:26","date_gmt":"2017-07-03T11:35:26","guid":{"rendered":"https:\/\/tape.pwle.de\/produkt\/duplicated-cassettes-with-customized-printing\/"},"modified":"2024-11-08T12:15:36","modified_gmt":"2024-11-08T11:15:36","slug":"duplicated-cassettes-with-customized-printing","status":"publish","type":"product","link":"http:\/\/tape.pwle.de\/en\/produkt\/duplicated-cassettes-with-customized-printing\/","title":{"rendered":"Duplicated Cassettes With Customized Printing"},"content":{"rendered":"","protected":false},"excerpt":{"rendered":"<p>Customisable cassettes with single-colour printing.<br \/>Choose your case and the desired print colour from a wide range of colours. Each side can be printed with an individual motif in one colour. When creating the layout, please note our specifications for 1-colour cassette printing and 4-colour cassette printing. We also offer an optional print data check.<\/p>\n<p>In addition to single-colour pad printing, we also offer full-surface, 4-colour UV printing.<\/p>\n<p>The tape length of the cassettes can be configured to the minute so that it is exactly the right length for your audio files.<br \/>Your personalised audio files undergo technical mastering before use and are then played onto the tape using high-quality high-speed copying machines.<br \/>We offer housings for ferro and chrome tape.<\/p>\n<p>Snapboxes and\/or covers or other products are not included and must be ordered separately.<\/p>\n<p>Please note that we must have a delivery licence from GEMA or a corresponding collecting society abroad for every order of recorded cassettes before production begins. You can find further information on this under Production information.<\/p>\n<p>Dimensions: 10.2 cm x 6.4 cm x 1.2 cm<br \/>Minimum order quantity: 50 pieces<br \/>Delivery time from 1,000 + 1 week<\/p>\n","protected":false},"featured_media":239830,"template":"","meta":{"_et_pb_use_builder":"","_et_pb_old_content":"","_et_gb_content_width":""},"product_cat":[],"product_tag":[],"class_list":{"0":"post-240066","1":"product","2":"type-product","3":"status-publish","4":"has-post-thumbnail","7":"first","8":"instock","9":"shipping-taxable","10":"purchasable","11":"product-type-composite"},"composite_virtual":false,"composite_layout":"paged","composite_add_to_cart_form_location":"default","composite_editable_in_cart":false,"composite_sold_individually_context":"product","composite_shop_price_calc":"min_max","composite_components":[{"id":"1731070316","title":"Geh\u00e4use","description":"<p>Form und Farbe der Kassetten k\u00f6nnen geringf\u00fcgig von den Produktbildern abweichen.<\/p>\n","query_type":"category_ids","query_ids":[22],"default_option_id":240256,"thumbnail_id":"","thumbnail_src":"","quantity_min":1,"quantity_max":1,"priced_individually":false,"shipped_individually":false,"optional":false,"discount":"","options_style":"thumbnails","pagination_style":"classic","display_prices":"absolute","show_sorting_options":false,"show_filtering_options":false,"attribute_filter_ids":[],"select_action":"view","product_title_visible":true,"product_descr_visible":true,"product_price_visible":true,"product_thumb_visible":true,"subtotal_visible_product":true,"subtotal_visible_cart":true,"subtotal_visible_orders":true},{"id":"1731400406","title":"Druck","description":"<p>Du kannst zwischen zwei Druckverfahren w\u00e4hlen:<\/p>\n<p>1. 1-farbiger Tampondruck. Dabei wird jede Seite separat per Hand bedruckt. Leider sind aus drucktechnischen Gr\u00fcnden nicht alle Farbkombinationen m\u00f6glich. Sollte deine gew\u00fcnschte Kombination nicht zu Auswahl stehen kontaktiere uns.<\/p>\n<p>2. 4-farbiger UV-Druck. Mit diesem Druckverfahren kann fast jedes Design vollfl\u00e4chig auf Kassetten und Boxen gedruckt werden.<\/p>\n","query_type":"category_ids","query_ids":[19],"default_option_id":240133,"thumbnail_id":"","thumbnail_src":"","quantity_min":1,"quantity_max":1,"priced_individually":false,"shipped_individually":false,"optional":false,"discount":"","options_style":"thumbnails","pagination_style":"classic","display_prices":"absolute","show_sorting_options":false,"show_filtering_options":false,"attribute_filter_ids":[],"select_action":"view","product_title_visible":true,"product_descr_visible":true,"product_price_visible":true,"product_thumb_visible":true,"subtotal_visible_product":true,"subtotal_visible_cart":true,"subtotal_visible_orders":true},{"id":"1731427036","title":"Tonband","description":"","query_type":"category_ids","query_ids":[18],"default_option_id":"","thumbnail_id":"","thumbnail_src":"","quantity_min":1,"quantity_max":1,"priced_individually":false,"shipped_individually":false,"optional":false,"discount":"","options_style":"dropdowns","pagination_style":"classic","display_prices":"absolute","show_sorting_options":false,"show_filtering_options":false,"attribute_filter_ids":[],"select_action":"view","product_title_visible":true,"product_descr_visible":true,"product_price_visible":true,"product_thumb_visible":true,"subtotal_visible_product":true,"subtotal_visible_cart":true,"subtotal_visible_orders":true}],"composite_scenarios":[],"_links":{"self":[{"href":"http:\/\/tape.pwle.de\/en\/wp-json\/wp\/v2\/product\/240066","targetHints":{"allow":["GET"]}}],"collection":[{"href":"http:\/\/tape.pwle.de\/en\/wp-json\/wp\/v2\/product"}],"about":[{"href":"http:\/\/tape.pwle.de\/en\/wp-json\/wp\/v2\/types\/product"}],"wp:featuredmedia":[{"embeddable":true,"href":"http:\/\/tape.pwle.de\/en\/wp-json\/wp\/v2\/media\/239830"}],"wp:attachment":[{"href":"http:\/\/tape.pwle.de\/en\/wp-json\/wp\/v2\/media?parent=240066"}],"wp:term":[{"taxonomy":"product_cat","embeddable":true,"href":"http:\/\/tape.pwle.de\/en\/wp-json\/wp\/v2\/product_cat?post=240066"},{"taxonomy":"product_tag","embeddable":true,"href":"http:\/\/tape.pwle.de\/en\/wp-json\/wp\/v2\/product_tag?post=240066"}],"curies":[{"name":"wp","href":"https:\/\/api.w.org\/{rel}","templated":true}]}}